{"id":91,"date":"2023-11-07T20:27:02","date_gmt":"2023-11-07T20:27:02","guid":{"rendered":"https:\/\/flow-consult.ch\/services\/"},"modified":"2024-01-15T12:58:36","modified_gmt":"2024-01-15T12:58:36","slug":"services","status":"publish","type":"page","link":"https:\/\/flow-consult.ch\/de\/services\/","title":{"rendered":"Kompetenzen"},"content":{"rendered":"<div data-elementor-type=\"wp-page\" data-elementor-id=\"91\" class=\"elementor elementor-91\">\n\t\t\t\t<div class=\"elementor-element elementor-element-3b4634b e-flex e-con-boxed e-con e-parent\" data-id=\"3b4634b\" data-element_type=\"container\" data-e-type=\"container\" data-settings=\"{&quot;background_background&quot;:&quot;classic&quot;}\">\n\t\t\t\t\t<div class=\"e-con-inner\">\n\t\t<div class=\"elementor-element elementor-element-11ae46b e-con-full e-flex e-con e-child\" data-id=\"11ae46b\" data-element_type=\"container\" data-e-type=\"container\">\n\t\t\t\t<div class=\"elementor-element elementor-element-d90139e elementor-widget elementor-widget-heading\" data-id=\"d90139e\" data-element_type=\"widget\" data-e-type=\"widget\" data-widget_type=\"heading.default\">\n\t\t\t\t<div class=\"elementor-widget-container\">\n\t\t\t\t\t<h2 class=\"elementor-heading-title elementor-size-default\">Kompetenzen<\/h2>\t\t\t\t<\/div>\n\t\t\t\t<\/div>\n\t\t<div class=\"elementor-element elementor-element-612f8d5 e-con-full e-flex e-con e-child\" data-id=\"612f8d5\" data-element_type=\"container\" data-e-type=\"container\">\n\t\t<div class=\"elementor-element elementor-element-35f3bf1 e-con-full e-flex e-con e-child\" data-id=\"35f3bf1\" data-element_type=\"container\" data-e-type=\"container\" data-settings=\"{&quot;background_background&quot;:&quot;classic&quot;}\">\n\t\t\t\t<div class=\"elementor-element elementor-element-2835e4f elementor-widget elementor-widget-heading\" data-id=\"2835e4f\" data-element_type=\"widget\" data-e-type=\"widget\" data-widget_type=\"heading.default\">\n\t\t\t\t<div class=\"elementor-widget-container\">\n\t\t\t\t\t<h4 class=\"elementor-heading-title elementor-size-default\">Siedlungsentw\u00e4sserung<\/h4>\t\t\t\t<\/div>\n\t\t\t\t<\/div>\n\t\t\t\t<div class=\"elementor-element elementor-element-070e403 elementor-widget elementor-widget-text-editor\" data-id=\"070e403\" data-element_type=\"widget\" data-e-type=\"widget\" data-widget_type=\"text-editor.default\">\n\t\t\t\t<div class=\"elementor-widget-container\">\n\t\t\t\t\t\t\t\t\t<p>Wir helfen Ihnen, sich in der komplexen Welt der Siedlungsentw\u00e4sserung zurechtzufinden und stellen sicher, dass Ihr Projekt die gesetzlichen Anforderungen erf\u00fcllt und die Umweltauswirkungen minimiert.<\/p>\t\t\t\t\t\t\t\t<\/div>\n\t\t\t\t<\/div>\n\t\t\t\t<\/div>\n\t\t<div class=\"elementor-element elementor-element-791006a e-con-full e-flex e-con e-child\" data-id=\"791006a\" data-element_type=\"container\" data-e-type=\"container\" data-settings=\"{&quot;background_background&quot;:&quot;classic&quot;}\">\n\t\t\t\t<div class=\"elementor-element elementor-element-a61c7bb elementor-widget elementor-widget-heading\" data-id=\"a61c7bb\" data-element_type=\"widget\" data-e-type=\"widget\" data-widget_type=\"heading.default\">\n\t\t\t\t<div class=\"elementor-widget-container\">\n\t\t\t\t\t<h4 class=\"elementor-heading-title elementor-size-default\">Hydraulik L\u00f6sungen<\/h4>\t\t\t\t<\/div>\n\t\t\t\t<\/div>\n\t\t\t\t<div class=\"elementor-element elementor-element-a41d46f elementor-widget elementor-widget-text-editor\" data-id=\"a41d46f\" data-element_type=\"widget\" data-e-type=\"widget\" data-widget_type=\"text-editor.default\">\n\t\t\t\t<div class=\"elementor-widget-container\">\n\t\t\t\t\t\t\t\t\t<p>Unsere Expertise im Bereich der hydrodynamischen Simulation und der hydraulischen Planung von Spezialbauwerken gew\u00e4hrleistet sichere und wirtschaftliche L\u00f6sungen f\u00fcr Ihr Projekt.<\/p>\t\t\t\t\t\t\t\t<\/div>\n\t\t\t\t<\/div>\n\t\t\t\t<\/div>\n\t\t\t\t<\/div>\n\t\t<div class=\"elementor-element elementor-element-93e7992 e-con-full e-flex e-con e-child\" data-id=\"93e7992\" data-element_type=\"container\" data-e-type=\"container\">\n\t\t<div class=\"elementor-element elementor-element-a9bac53 e-con-full e-flex e-con e-child\" data-id=\"a9bac53\" data-element_type=\"container\" data-e-type=\"container\" data-settings=\"{&quot;background_background&quot;:&quot;classic&quot;}\">\n\t\t\t\t<div class=\"elementor-element elementor-element-aa793b2 elementor-widget elementor-widget-heading\" data-id=\"aa793b2\" data-element_type=\"widget\" data-e-type=\"widget\" data-widget_type=\"heading.default\">\n\t\t\t\t<div class=\"elementor-widget-container\">\n\t\t\t\t\t<h4 class=\"elementor-heading-title elementor-size-default\">Gew\u00e4sserschutz<\/h4>\t\t\t\t<\/div>\n\t\t\t\t<\/div>\n\t\t\t\t<div class=\"elementor-element elementor-element-2aa6565 elementor-widget elementor-widget-text-editor\" data-id=\"2aa6565\" data-element_type=\"widget\" data-e-type=\"widget\" data-widget_type=\"text-editor.default\">\n\t\t\t\t<div class=\"elementor-widget-container\">\n\t\t\t\t\t\t\t\t\t<p>Durch den Einsatz modernster Modellierungstechnologien bieten wir L\u00f6sungen an, die Ihnen helfen die Erhaltung und Verbesserung des \u00f6kologischen Zustands unserer Wasserressourcen sicherzustellen.<\/p>\t\t\t\t\t\t\t\t<\/div>\n\t\t\t\t<\/div>\n\t\t\t\t<\/div>\n\t\t<div class=\"elementor-element elementor-element-46ee318 e-con-full e-flex e-con e-child\" data-id=\"46ee318\" data-element_type=\"container\" data-e-type=\"container\" data-settings=\"{&quot;background_background&quot;:&quot;classic&quot;}\">\n\t\t\t\t<div class=\"elementor-element elementor-element-690f580 elementor-widget elementor-widget-heading\" data-id=\"690f580\" data-element_type=\"widget\" data-e-type=\"widget\" data-widget_type=\"heading.default\">\n\t\t\t\t<div class=\"elementor-widget-container\">\n\t\t\t\t\t<h4 class=\"elementor-heading-title elementor-size-default\">Zukunftsf\u00e4hige Infrastruktur<\/h4>\t\t\t\t<\/div>\n\t\t\t\t<\/div>\n\t\t\t\t<div class=\"elementor-element elementor-element-a66ddb1 elementor-widget elementor-widget-text-editor\" data-id=\"a66ddb1\" data-element_type=\"widget\" data-e-type=\"widget\" data-widget_type=\"text-editor.default\">\n\t\t\t\t<div class=\"elementor-widget-container\">\n\t\t\t\t\t\t\t\t\t<p>Ob Schwammstadt, blaue oder gr\u00fcne Wasserwege, unsere nachhaltigen Infrastrukturl\u00f6sungen sorgen daf\u00fcr, dass Ihre Stadt auf die Herausforderungen der Zukunft optimal vorbereitet ist.<\/p>\t\t\t\t\t\t\t\t<\/div>\n\t\t\t\t<\/div>\n\t\t\t\t<\/div>\n\t\t\t\t<\/div>\n\t\t\t\t<\/div>\n\t\t\t\t\t<\/div>\n\t\t\t\t<\/div>\n\t\t<div class=\"elementor-element elementor-element-5e7f532 e-flex e-con-boxed e-con e-parent\" data-id=\"5e7f532\" data-element_type=\"container\" data-e-type=\"container\" data-settings=\"{&quot;background_background&quot;:&quot;classic&quot;}\">\n\t\t\t\t\t<div class=\"e-con-inner\">\n\t\t<div class=\"elementor-element elementor-element-4b08076 e-con-full e-flex e-con e-child\" data-id=\"4b08076\" data-element_type=\"container\" data-e-type=\"container\">\n\t\t<div class=\"elementor-element elementor-element-cc81a1b e-con-full e-flex e-con e-child\" data-id=\"cc81a1b\" data-element_type=\"container\" data-e-type=\"container\">\n\t\t<div class=\"elementor-element elementor-element-4750558 e-con-full e-flex e-con e-child\" data-id=\"4750558\" data-element_type=\"container\" data-e-type=\"container\" data-settings=\"{&quot;background_background&quot;:&quot;classic&quot;}\">\n\t\t\t\t<div class=\"elementor-element elementor-element-a2b5865 elementor-widget elementor-widget-image\" data-id=\"a2b5865\" data-element_type=\"widget\" data-e-type=\"widget\" data-widget_type=\"image.default\">\n\t\t\t\t<div class=\"elementor-widget-container\">\n\t\t\t\t\t\t\t\t\t\t\t\t\t\t\t<img fetchpriority=\"high\" decoding=\"async\" width=\"1024\" height=\"1024\" src=\"https:\/\/flow-consult.ch\/wp-content\/uploads\/2023\/12\/0_3.png\" class=\"attachment-full size-full wp-image-267\" alt=\"\" srcset=\"https:\/\/flow-consult.ch\/wp-content\/uploads\/2023\/12\/0_3.png 1024w, https:\/\/flow-consult.ch\/wp-content\/uploads\/2023\/12\/0_3-300x300.png 300w, https:\/\/flow-consult.ch\/wp-content\/uploads\/2023\/12\/0_3-150x150.png 150w, https:\/\/flow-consult.ch\/wp-content\/uploads\/2023\/12\/0_3-768x768.png 768w, https:\/\/flow-consult.ch\/wp-content\/uploads\/2023\/12\/0_3-600x600.png 600w\" sizes=\"(max-width: 1024px) 100vw, 1024px\" \/>\t\t\t\t\t\t\t\t\t\t\t\t\t\t\t<\/div>\n\t\t\t\t<\/div>\n\t\t\t\t<\/div>\n\t\t<div class=\"elementor-element elementor-element-b986d4b e-con-full e-flex e-con e-child\" data-id=\"b986d4b\" data-element_type=\"container\" data-e-type=\"container\">\n\t\t\t\t<div class=\"elementor-element elementor-element-5261909 elementor-widget elementor-widget-heading\" data-id=\"5261909\" data-element_type=\"widget\" data-e-type=\"widget\" data-widget_type=\"heading.default\">\n\t\t\t\t<div class=\"elementor-widget-container\">\n\t\t\t\t\t<h3 class=\"elementor-heading-title elementor-size-default\">Siedlungsentw\u00e4sserung<\/h3>\t\t\t\t<\/div>\n\t\t\t\t<\/div>\n\t\t\t\t<div class=\"elementor-element elementor-element-9750caf elementor-widget elementor-widget-text-editor\" data-id=\"9750caf\" data-element_type=\"widget\" data-e-type=\"widget\" data-widget_type=\"text-editor.default\">\n\t\t\t\t<div class=\"elementor-widget-container\">\n\t\t\t\t\t\t\t\t\t<p>Durch unsere Erfahrung bei Flow Consulting wissen wir, wie wichtig eine effektive Entw\u00e4sserungsplanung ist. Unsere Fachexperten f\u00fcr Siedlungsentw\u00e4sserung arbeiten mit Ihnen zusammen, um sich in der komplexen Welt der Vorschriften und Anforderungen zurechtzufinden. Mit uns stellen Sie sicher, dass Ihr Projekt alle erforderlichen Standards erf\u00fcllt und Auswirkungen auf die Umwelt minimiert werden. Wir bieten eine Reihe von Dienstleistungen, von Machbarkeitsstudien bis hin zur Generellen Entw\u00e4sserungsplanung, damit Sie nachhaltige und kosteneffiziente Ergebnisse erzielen k\u00f6nnen.<\/p>\t\t\t\t\t\t\t\t<\/div>\n\t\t\t\t<\/div>\n\t\t\t\t<\/div>\n\t\t\t\t<\/div>\n\t\t<div class=\"elementor-element elementor-element-304e701 e-con-full e-flex e-con e-child\" data-id=\"304e701\" data-element_type=\"container\" data-e-type=\"container\">\n\t\t<div class=\"elementor-element elementor-element-9ba3b60 e-con-full e-flex e-con e-child\" data-id=\"9ba3b60\" data-element_type=\"container\" data-e-type=\"container\">\n\t\t\t\t<div class=\"elementor-element elementor-element-b864f82 elementor-widget elementor-widget-heading\" data-id=\"b864f82\" data-element_type=\"widget\" data-e-type=\"widget\" data-widget_type=\"heading.default\">\n\t\t\t\t<div class=\"elementor-widget-container\">\n\t\t\t\t\t<h3 class=\"elementor-heading-title elementor-size-default\">Hydraulik L\u00f6sungen<\/h3>\t\t\t\t<\/div>\n\t\t\t\t<\/div>\n\t\t\t\t<div class=\"elementor-element elementor-element-7bc63ab elementor-widget elementor-widget-text-editor\" data-id=\"7bc63ab\" data-element_type=\"widget\" data-e-type=\"widget\" data-widget_type=\"text-editor.default\">\n\t\t\t\t<div class=\"elementor-widget-container\">\n\t\t\t\t\t\t\t\t\t<p>Bei Flow Consulting bieten wir hydraulische L\u00f6sungen, die Ihnen helfen Starkregenereignisse effektiv zu bew\u00e4ltigen. Unser Ziel ist es massgeschneiderte L\u00f6sungen zu entwickeln, die Ihren individuellen Bed\u00fcrfnissen gerecht werden, ganz gleich, ob es um Hochwasserpr\u00e4vention, -management oder -schutz geht. Wir nutzen modernste Technologien und Modellierungsverfahren um sicherzustellen, dass Ihre hydraulischen Systeme wie geplant funktionieren. Dadurch minimieren wir Risiken und maximieren die Kosteneffizienz.<\/p>\t\t\t\t\t\t\t\t<\/div>\n\t\t\t\t<\/div>\n\t\t\t\t<\/div>\n\t\t<div class=\"elementor-element elementor-element-a533fca e-con-full e-flex e-con e-child\" data-id=\"a533fca\" data-element_type=\"container\" data-e-type=\"container\" data-settings=\"{&quot;background_background&quot;:&quot;classic&quot;}\">\n\t\t\t\t<div class=\"elementor-element elementor-element-71d3f0b elementor-widget__width-initial elementor-widget elementor-widget-image\" data-id=\"71d3f0b\" data-element_type=\"widget\" data-e-type=\"widget\" data-widget_type=\"image.default\">\n\t\t\t\t<div class=\"elementor-widget-container\">\n\t\t\t\t\t\t\t\t\t\t\t\t\t\t\t<img decoding=\"async\" width=\"815\" height=\"815\" src=\"https:\/\/flow-consult.ch\/wp-content\/uploads\/2023\/12\/0_2-e1703679620178.png\" class=\"attachment-full size-full wp-image-273\" alt=\"\" srcset=\"https:\/\/flow-consult.ch\/wp-content\/uploads\/2023\/12\/0_2-e1703679620178.png 815w, https:\/\/flow-consult.ch\/wp-content\/uploads\/2023\/12\/0_2-e1703679620178-300x300.png 300w, https:\/\/flow-consult.ch\/wp-content\/uploads\/2023\/12\/0_2-e1703679620178-150x150.png 150w, https:\/\/flow-consult.ch\/wp-content\/uploads\/2023\/12\/0_2-e1703679620178-768x768.png 768w, https:\/\/flow-consult.ch\/wp-content\/uploads\/2023\/12\/0_2-e1703679620178-600x600.png 600w\" sizes=\"(max-width: 815px) 100vw, 815px\" \/>\t\t\t\t\t\t\t\t\t\t\t\t\t\t\t<\/div>\n\t\t\t\t<\/div>\n\t\t\t\t<\/div>\n\t\t\t\t<\/div>\n\t\t<div class=\"elementor-element elementor-element-55cb230 e-con-full e-flex e-con e-child\" data-id=\"55cb230\" data-element_type=\"container\" data-e-type=\"container\">\n\t\t<div class=\"elementor-element elementor-element-311d2e2 e-con-full e-flex e-con e-child\" data-id=\"311d2e2\" data-element_type=\"container\" data-e-type=\"container\" data-settings=\"{&quot;background_background&quot;:&quot;classic&quot;}\">\n\t\t\t\t<div class=\"elementor-element elementor-element-bf24e3b elementor-widget elementor-widget-image\" data-id=\"bf24e3b\" data-element_type=\"widget\" data-e-type=\"widget\" data-widget_type=\"image.default\">\n\t\t\t\t<div class=\"elementor-widget-container\">\n\t\t\t\t\t\t\t\t\t\t\t\t\t\t\t<img decoding=\"async\" src=\"https:\/\/cdn.midjourney.com\/c79a43c0-a10d-4eec-b523-cb4b6ace38ac\/0_3.png\" title=\"\" alt=\"\" loading=\"lazy\" \/>\t\t\t\t\t\t\t\t\t\t\t\t\t\t\t<\/div>\n\t\t\t\t<\/div>\n\t\t\t\t<\/div>\n\t\t<div class=\"elementor-element elementor-element-817d4e1 e-con-full e-flex e-con e-child\" data-id=\"817d4e1\" data-element_type=\"container\" data-e-type=\"container\">\n\t\t\t\t<div class=\"elementor-element elementor-element-1447ea5 elementor-widget elementor-widget-heading\" data-id=\"1447ea5\" data-element_type=\"widget\" data-e-type=\"widget\" data-widget_type=\"heading.default\">\n\t\t\t\t<div class=\"elementor-widget-container\">\n\t\t\t\t\t<h3 class=\"elementor-heading-title elementor-size-default\">Gew\u00e4sserschutz<\/h3>\t\t\t\t<\/div>\n\t\t\t\t<\/div>\n\t\t\t\t<div class=\"elementor-element elementor-element-23bb3b6 elementor-widget elementor-widget-text-editor\" data-id=\"23bb3b6\" data-element_type=\"widget\" data-e-type=\"widget\" data-widget_type=\"text-editor.default\">\n\t\t\t\t<div class=\"elementor-widget-container\">\n\t\t\t\t\t\t\t\t\t<p>Eine der wichtigsten St\u00e4rken von Flow Consulting ist unsere Leidenschaft f\u00fcr die Erhaltung und den Schutz unserer Gew\u00e4sser. Wir helfen Ihnen dabei sich in den heutigen Gew\u00e4sser- und Schadstoffvorschriften zurechtzufinden und das Beste aus Ihrer bestehenden Infrastruktur herauszuholen. Bei Bedarf finden wir zus\u00e4tzliche L\u00f6sungen, um die gesetzlichen Anforderungen zu erf\u00fcllen, die auf Ihre spezielle Situation zugeschnitten sind. So k\u00f6nnen wir sicherstellen, dass Ihre lokalen Gew\u00e4sser auch in den n\u00e4chsten Jahrzehnten weiterhin intakt bleiben.<\/p>\t\t\t\t\t\t\t\t<\/div>\n\t\t\t\t<\/div>\n\t\t\t\t<\/div>\n\t\t\t\t<\/div>\n\t\t<div class=\"elementor-element elementor-element-7a72a1e e-con-full e-flex e-con e-child\" data-id=\"7a72a1e\" data-element_type=\"container\" data-e-type=\"container\">\n\t\t<div class=\"elementor-element elementor-element-d7a8add e-con-full e-flex e-con e-child\" data-id=\"d7a8add\" data-element_type=\"container\" data-e-type=\"container\">\n\t\t\t\t<div class=\"elementor-element elementor-element-f1b7e6b elementor-widget elementor-widget-heading\" data-id=\"f1b7e6b\" data-element_type=\"widget\" data-e-type=\"widget\" data-widget_type=\"heading.default\">\n\t\t\t\t<div class=\"elementor-widget-container\">\n\t\t\t\t\t<h3 class=\"elementor-heading-title elementor-size-default\">Zukunftsf\u00e4hige Infrastruktur<\/h3>\t\t\t\t<\/div>\n\t\t\t\t<\/div>\n\t\t\t\t<div class=\"elementor-element elementor-element-63969a8 elementor-widget elementor-widget-text-editor\" data-id=\"63969a8\" data-element_type=\"widget\" data-e-type=\"widget\" data-widget_type=\"text-editor.default\">\n\t\t\t\t<div class=\"elementor-widget-container\">\n\t\t\t\t\t\t\t\t\t<p>Vom Klimawandel und Bev\u00f6lkerungswachstum bis hin zu alternder Infrastruktur und steigenden Schadstoffmengen m\u00fcssen die St\u00e4dte Wege finden, sich diesen Herausforderungen anzupassen und sie zu bew\u00e4ltigen. An vorderster Front stehen dabei nachhaltige Infrastrukturl\u00f6sungen, die die St\u00e4dte auf die Zukunft vorbereiten.<\/p><p>\u00a0<\/p><p>Ob Schwammstadtkonzepte, die \u00dcberschwemmungen verhindern k\u00f6nnen oder blaue und gr\u00fcne Wasserwege, die die Auswirkungen von Regenwasserabfl\u00fcssen abmindern k\u00f6nnen. Unsere L\u00f6sungen sollen den St\u00e4dten helfen ihre Infrastruktur widerstandsf\u00e4higer und nachhaltiger zu gestalten.\u00a0<\/p><p>\u00a0<\/p><p>Mit dem Schwerpunkt auf Innovation, Synergien und Nachhaltigkeit bieten wir L\u00f6sungen, die St\u00e4dten helfen, sich in Zeiten der Ver\u00e4nderung weiterzuentwickeln.<\/p>\t\t\t\t\t\t\t\t<\/div>\n\t\t\t\t<\/div>\n\t\t\t\t<\/div>\n\t\t<div class=\"elementor-element elementor-element-133f89c e-con-full e-flex e-con e-child\" data-id=\"133f89c\" data-element_type=\"container\" data-e-type=\"container\" data-settings=\"{&quot;background_background&quot;:&quot;classic&quot;}\">\n\t\t\t\t<div class=\"elementor-element elementor-element-fd7968f elementor-widget elementor-widget-image\" data-id=\"fd7968f\" data-element_type=\"widget\" data-e-type=\"widget\" data-widget_type=\"image.default\">\n\t\t\t\t<div class=\"elementor-widget-container\">\n\t\t\t\t\t\t\t\t\t\t\t\t\t\t\t<img decoding=\"async\" src=\"https:\/\/cdn.midjourney.com\/8618dff0-9b9e-4175-b317-e5bb0e2ce450\/0_1.png\" title=\"\" alt=\"\" loading=\"lazy\" \/>\t\t\t\t\t\t\t\t\t\t\t\t\t\t\t<\/div>\n\t\t\t\t<\/div>\n\t\t\t\t<\/div>\n\t\t\t\t<\/div>\n\t\t\t\t<\/div>\n\t\t\t\t\t<\/div>\n\t\t\t\t<\/div>\n\t\t\t\t<\/div>","protected":false},"excerpt":{"rendered":"<p>Services we provide Urban Drainage Planning We help you navigate the complex world of urban drainage planning, ensuring that your project meets regulatory requirements while minimizing its environmental impact. Hydraulic Solutions Our expertise in hydrodynamic simulation and hydraulic planning ensures safe and economical solutions for your specialized infrastructure project. Waterbody Protection Using the latest modeling [&hellip;]<\/p>\n","protected":false},"author":0,"featured_media":0,"parent":0,"menu_order":0,"comment_status":"closed","ping_status":"publish","template":"","meta":{"two_page_speed":[],"footnotes":""},"class_list":["post-91","page","type-page","status-publish","hentry"],"_links":{"self":[{"href":"https:\/\/flow-consult.ch\/de\/wp-json\/wp\/v2\/pages\/91"}],"collection":[{"href":"https:\/\/flow-consult.ch\/de\/wp-json\/wp\/v2\/pages"}],"about":[{"href":"https:\/\/flow-consult.ch\/de\/wp-json\/wp\/v2\/types\/page"}],"replies":[{"embeddable":true,"href":"https:\/\/flow-consult.ch\/de\/wp-json\/wp\/v2\/comments?post=91"}],"version-history":[{"count":0,"href":"https:\/\/flow-consult.ch\/de\/wp-json\/wp\/v2\/pages\/91\/revisions"}],"wp:attachment":[{"href":"https:\/\/flow-consult.ch\/de\/wp-json\/wp\/v2\/media?parent=91"}],"curies":[{"name":"wp","href":"https:\/\/api.w.org\/{rel}","templated":true}]}}